{"id":17648,"date":"2022-03-15T16:43:33","date_gmt":"2022-03-15T15:43:33","guid":{"rendered":"https:\/\/www.asteprivateprofessionali.it\/?page_id=17648"},"modified":"2024-01-11T17:56:22","modified_gmt":"2024-01-11T16:56:22","slug":"come-partecipare","status":"publish","type":"page","link":"https:\/\/appauctionuat.projectsdemo.net\/topics\/come-partecipare\/","title":{"rendered":"Come Partecipare"},"content":{"rendered":"\t\t<div data-elementor-type=\"wp-page\" data-elementor-id=\"17648\" class=\"elementor elementor-17648\">\n\t\t\t\t\t\t<section class=\"elementor-section elementor-top-section elementor-element elementor-element-270ead2f elementor-section-boxed elementor-section-height-default elementor-section-height-default\" data-id=\"270ead2f\" data-element_type=\"section\">\n\t\t\t\t\t\t<div class=\"elementor-container elementor-column-gap-default\">\n\t\t\t\t\t<div class=\"elementor-column elementor-col-100 elementor-top-column elementor-element elementor-element-37406ba9\" data-id=\"37406ba9\" data-element_type=\"column\">\n\t\t\t<div class=\"elementor-widget-wrap elementor-element-populated\">\n\t\t\t\t\t\t<div class=\"elementor-element elementor-element-69be4977 elementor-widget elementor-widget-text-editor\" data-id=\"69be4977\" data-element_type=\"widget\" data-widget_type=\"text-editor.default\">\n\t\t\t\t<div class=\"elementor-widget-container\">\n\t\t\t\t\t\t\t<p style=\"text-align: left;\">Per partecipare alla vendita ciascun interessato dovr\u00e0 depositare un\u2019offerta di acquisto per il lotto che intende acquistare in formato analogico (cartaceo) o telematico.<\/p>\n<p><strong>MODALITA&#8217; PRESENTAZIONE OFFERTA ANALOGICA<\/strong><\/p>\n<p>L\u2019offerta di acquisto dovr\u00e0 essere consegnata&nbsp;<strong><u>in modalit\u00e0 cartacea<\/u><\/strong>, presso la sede operativa di <strong>APP &#8211; Aste Private Professionali<\/strong>.<\/p>\n<p><strong>Termine e modalit\u00e0 di deposito&nbsp;<u>dell\u2019OFFERTA<\/u>:<\/strong><\/p>\n<p>1) le offerte di acquisto dovranno essere recapitate a mano, entro&nbsp;<strong>le ore 12.00 del giorno feriale precedente l&#8217;asta<\/strong>, a pena di esclusione, presso la sede operativa di &#8220;APP&#8221; &#8211; Aste Private Professionali, ovvero spedite entro il medesimo termine a pena di esclusione a prescindere dai motivi del mancato recapito, allo stesso indirizzo a mezzo raccomandata del servizio postale. Il recapito dell&#8217;offerta ed ad esclusivo rischio del mittente ove, per qualsiasi motivo, il plico non giunga a destinazione in tempo utile. L\u2019offerta deve essere depositata in busta chiusa all&#8217;esterno della quale saranno indicati, a cura dell\u2019offerente, il nome del <strong>Notaio&nbsp;<\/strong>e&nbsp;<strong>la data e l\u2019ora<\/strong>&nbsp;fissate per l\u2019esame delle offerte.&nbsp;Sulla busta i<u>l ricevente annota: la data e l&#8217;ora della ricezione; il nome di chi procede materialmente al deposito, previa sua identificazione.<\/u>&nbsp;Non potr\u00e0 essere apposta alcuna altra indicazione. Tutte le buste saranno aperte dal notaio banditore prima dell&#8217;inizio della gara.<\/p>\n<p>2) l\u2019offerta dovr\u00e0 contenere:<\/p>\n<p>\u27a2&nbsp;&nbsp;&nbsp;&nbsp;&nbsp;&nbsp;&nbsp;&nbsp;&nbsp;&nbsp;&nbsp;&nbsp;&nbsp;&nbsp;&nbsp;&nbsp;il cognome, nome, luogo e data di nascita, codice fiscale, domicilio, stato civile, recapito telefonico del soggetto a cui andr\u00e0 intestato l\u2019immobile (<strong>non sar\u00e0 possibile intestare l\u2019immobile a soggetto diverso da quello che sottoscrive l\u2019offerta)<\/strong>&nbsp;il quale dovr\u00e0 anche presentarsi il giorno fissato per la vendita. Se l\u2019offerente \u00e8 coniugato e in regime di comunione legale dei beni, dovranno essere indicati anche i corrispondenti dati del coniuge e allegati copia del documento d&#8217;identit\u00e0 e del codice fiscale del coniuge (salva la facolt\u00e0 del deposito successivo di tali documenti all&#8217;esito dell&#8217;aggiudicazione e del versamento del prezzo). Se l\u2019offerente \u00e8 minorenne, l\u2019offerta dovr\u00e0 essere sottoscritta dal soggetto autorizzato e dovranno essere allegati copia del documento d&#8217;identit\u00e0 e copia del codice fiscale del soggetto offerente e del soggetto che sottoscrive l&#8217;offerta, nonch\u00e9 copia del provvedimento di autorizzazione del Giudice tutelare; se l\u2019offerente agisce quale legale rappresentante, dovr\u00e0 essere allegata visura del registro delle imprese non anteriore a tre mesi da cui risultino i poteri ovvero la procura o l\u2019atto di nomina che giustifichi i poteri; l&#8217;offerta pu\u00f2 essere presentata personalmente o a mezzo procuratore munito di procura speciale risultante da atto pubblico o da scrittura privata autenticata (purch\u00e9 accompagnata da una fotocopia del documento di identit\u00e0 dell&#8217;offerente in corso di validit\u00e0);<\/p>\n<p>\u27a2&nbsp;&nbsp;&nbsp;&nbsp;&nbsp;&nbsp;&nbsp;&nbsp;&nbsp;&nbsp;&nbsp;&nbsp;&nbsp;&nbsp;&nbsp;&nbsp;i procuratori possono presentare offerta per persona da nominare; della circostanza va fatta espressa menzione nella domanda di partecipazione ed in caso di aggiudicazione la riserva dovr\u00e0 essere sciolta mediante comunicazione a mezzo PEC&nbsp; entro 72 ore decorrenti dalla chiusura delle operazioni d&#8217;asta senza obbligo di preventiva notifica del risultato della gara o di altra formalit\u00e0 allegando altres\u00ec copia della procura notarile conferita avente data anteriore a quella dell&#8217;asta. La riserva pu\u00f2 essere sciolta anche a favore di una societ\u00e0 costituenda oppure di una pluralit\u00e0 di persone, fisiche e\/o giuridiche, ciascuna delle quali sia designata come intestataria di una quota pro indiviso del Lotto posto in vendita. Nel caso in cui la riserva sia sciolta a favore di una societ\u00e0 costituenda vi \u00e8 l&#8217;obbligo della dichiarazione della ragione sociale e del nominato di tutti i soci nel termine di 72 ore ed in tal caso la formalizzazione ed il deposito dell&#8217;atto costitutivo della societ\u00e0 potranno essere differiti di altri 30 giorni allo scopo di consentire l&#8217;espletamento dei relativi adempimenti fermo restando per\u00f2 il termine finale previsto per la stipula dell&#8217;atto di cessione;<\/p>\n<p>\u27a2&nbsp;&nbsp;&nbsp;&nbsp;&nbsp;&nbsp;&nbsp;&nbsp;&nbsp;&nbsp;&nbsp;&nbsp;&nbsp;&nbsp;&nbsp;&nbsp;i dati identificativi del bene per il quale l\u2019offerta \u00e8 proposta;<\/p>\n<p>\u27a2&nbsp;&nbsp;&nbsp;&nbsp;&nbsp;&nbsp;&nbsp;&nbsp;&nbsp;&nbsp;&nbsp;&nbsp;&nbsp;&nbsp;&nbsp;&nbsp;l\u2019indicazione del prezzo offerto, che non potr\u00e0 essere inferiore al prezzo indicato nell\u2019avviso di vendita, a pena di esclusione, le modalit\u00e0 ed il termine di versamento;<\/p>\n<p>\u27a2&nbsp; &nbsp; &nbsp; &nbsp;l\u2019espressa dichiarazione di aver preso visione della perizia di stima&nbsp;e di accettare integralmente ed incondizionatamente le condizioni e quant\u2019altro contenuto nell\u2019avviso di vendita;<\/p>\n<p>3) all\u2019offerta dovr\u00e0 essere allegata:<\/p>\n<p>\u27a2&nbsp;&nbsp;&nbsp;&nbsp;&nbsp;&nbsp;&nbsp;&nbsp;&nbsp;&nbsp;&nbsp;&nbsp;&nbsp;&nbsp;&nbsp;&nbsp;offerta persona fisica: una fotocopia del documento di identit\u00e0 in corso di validit\u00e0 e del codice fiscale;<\/p>\n<p>\u27a2&nbsp; &nbsp; &nbsp; &nbsp; &nbsp;offerta persona giuridica: una fotocopia del documento di identit\u00e0 e del codice fiscale del legale rappresentante nonch\u00e9 visura del Registro delle Imprese non anteriore a tre mesi da cui risultino i poteri ovvero la procura o l&#8217;atto di nomina che giustifichi i poteri;<\/p>\n<p style=\"text-align: left;\">\u27a2&nbsp;&nbsp;&nbsp;&nbsp;&nbsp;&nbsp;&nbsp;&nbsp;&nbsp;&nbsp;&nbsp;&nbsp;&nbsp;&nbsp;&nbsp;&nbsp;<strong>assegno circolare non trasferibile intestato a &#8220;APP s.r.l.&#8221;,<\/strong>&nbsp;per un importo pari al&nbsp;<strong>10%<\/strong>&nbsp;del prezzo offerto, a titolo di cauzione, che sar\u00e0 trattenuta in caso di inadempimento.<\/p>\n<p><strong>MODALITA&#8217; PRESENTAZIONE OFFERTA TELEMATICA<\/strong><\/p>\n<p>Per presentare l&#8217;offerta telematica bisogna essere in possesso di firma digitale;<strong>&nbsp;<\/strong>la stessa andr\u00e0 formulata, accedendo alla piattaforma di Fallcoaste sul sito&nbsp;<u>www.venditeprivate.fallcoaste.it<\/u>, cliccando sul pulsante &#8220;Fai un&#8217;offerta&#8221; e seguendo l&#8217;iter di compilazione riportato nelle seguenti fasi:<\/p>\n<ul>\n<li><strong>Fase 1<\/strong>: indicazione importo offerto, che non potr\u00e0 essere inferiore all&#8217;offerta minima come indicata nel presente avviso di vendita, a pena di esclusione;<\/li>\n<li><strong>Fase 2<\/strong>: indicazione di tutti i dati anagrafici dell&#8217;offerente, diritto, titolo e quota di partecipazione (in caso di partecipazione in qualit\u00e0 di procuratore\/tutore\/amministratore di sostegno andr\u00e0 specificato nome, cognome, codice fiscale del soggetto per la quale si presenta offerta);<\/li>\n<li><strong>Fase 3<\/strong>: caricamento della seguente documentazione:<\/li>\n<\/ul>\n<ol>\n<li>a) se il soggetto offerente \u00e8 una persona fisica, copia del documento d&#8217;identit\u00e0 in corso di validit\u00e0 e del codice fiscale;<\/li>\n<\/ol>\n<p>con le seguenti precisazioni:<\/p>\n<p>1) se il soggetto offerente \u00e8 coniugato in regime di comunione legale dei beni, allegare anche copia del documento d&#8217;identit\u00e0 in corso di validit\u00e0 e copia del codice fiscale del coniuge;<\/p>\n<p>2) se il soggetto offerente \u00e8 minorenne o interdetto o inabilitato, allegare copia del documento d&#8217;identit\u00e0 e copia del codice fiscale in corso di validit\u00e0 del soggetto offerente e del soggetto che sottoscrive l&#8217;offerta, nonch\u00e9 copia del provvedimento di autorizzazione;<\/p>\n<p>3) se l&#8217;offerente \u00e8 cittadino di altro stato non facente parte della Comunit\u00e0 Europea, allegare copia del passaporto o del documento di soggiorno in corso di validit\u00e0;<\/p>\n<p>4) se la partecipazione avviene tramite procuratore, allegare copia della procura speciale notarile rilasciata dal soggetto offerente e copia del relativo documento d&#8217;identit\u00e0 in corso di validit\u00e0;<\/p>\n<ol>\n<li>b) se il soggetto offerente \u00e8 una societ\u00e0 o persona giuridica, visura del Registro delle Imprese con data non anteriore a tre mesi alla data della vendita da cui risultino i poteri ovvero la procura o l&#8217;atto di nomina che giustifichi i poteri;<\/li>\n<li>c) se l&#8217;offerta \u00e8 formulata da pi\u00f9 persone, copia anche per immagine della procura rilasciata dagli altri offerenti per atto pubblico o scrittura privata autenticata rilasciata al soggetto che effettua l&#8217;offerta;<\/li>\n<li>d) allegare la documentazione attestante il versamento della cauzione effettuato tramite bonifico bancario sul conto corrente indicato alla successiva Fase 4;<\/li>\n<\/ol>\n<ul>\n<li><strong>Fase 4:<\/strong>pagamento della cauzione pari almeno al 10% del prezzo offerto mediante bonifico sul c\/c indicato nell&#8217;avviso di vendita specificando nella causale &#8220;<strong>Asta Privata n. &#8220;____&#8221;<\/strong>&#8221; , ed indicando gli estremi di pagamento nell&#8217;apposito campo. La cauzione, a pena di inefficacia dell&#8217;offerta, dovr\u00e0 risultare accreditata sul conto corrente di cui sopra <strong>entro le ore 12.00 del giorno feriale antecedente l&#8217;asta<\/strong>&nbsp;(si prega di verificare con la banca, le tempistiche di emissioni dei bonifici).<\/li>\n<\/ul>\n<ul>\n<li><strong>Fase 5<\/strong>: download del pdf &#8220;riepilogo dati offerta&#8221;, che dovr\u00e0 essere firmato digitalmente a cura dell&#8217;offerente e inserito all&#8217;interno del gestionale.<\/li>\n<\/ul>\n<p>Completate tutte le fasi comparir\u00e0 un popup di conferma dell&#8217;avvenuto invio.<\/p>\n<p>L&#8217;offerente, una volta concluso l&#8217;iter di presentazione dell&#8217;offerta, ricever\u00e0 una mail di conferma da parte di FALLCOASTE.<\/p>\n<p>Ricever\u00e0 altres\u00ec una mail da APP &#8211; Aste Private Professionali, contenente il link per l&#8217;autenticazione in modalit\u00e0 di videoconferenza &#8220;ZOOM&#8221; al quale l&#8217;offerente, munito di webcam a pena di esclusione dalla gara, dovr\u00e0 collegarsi il giorno e l&#8217;ora dell&#8217;asta, affinch\u00e9 il Notaio banditore verifichi da remoto l\u2019identit\u00e0 del soggetto partecipante.<\/p>\n<p>Per maggiori informazioni relative alla registrazione e\/o compilazione dell&#8217;offerta telematica \u00e8 possibile contattare l&#8217;assistenza di Zucchetti Software Giuridico al n. telefonico 0444.346211, mail:&nbsp;<u>aste@fallco.it<\/u>.<\/p>\n<p>Si precisa che eventuali danni dovuti a malfunzionamenti dei sistemi informatici non saranno in nessun caso imputabili ad APP &#8211; Aste Private Professionali.<\/p>\n<p>La struttura non assume nessuna responsabilit\u00e0 per perdita di documenti e dati, danneggiamento di file e documenti. \u00c9 esclusiva responsabilit\u00e0 dell&#8217;offerente telematico utilizzare apparecchiature informatiche e programmi idonei.<\/p>\n<p>&nbsp;<strong>L\u2019offerta presentata \u00e8 comunque da intendersi irrevocabile<\/strong><\/p>\t\t\t\t\t\t<\/div>\n\t\t\t\t<\/div>\n\t\t\t\t\t<\/div>\n\t\t<\/div>\n\t\t\t\t\t<\/div>\n\t\t<\/section>\n\t\t\t\t<\/div>\n\t\t","protected":false},"excerpt":{"rendered":"<p>Per partecipare alla vendita ciascun interessato dovr\u00e0 depositare un\u2019offerta di acquisto per il lotto che intende acquistare in formato analogico (cartaceo) o telematico. MODALITA&#8217; PRESENTAZIONE OFFERTA ANALOGICA L\u2019offerta di acquisto dovr\u00e0 essere consegnata&nbsp;in modalit\u00e0 cartacea, presso la sede operativa di APP &#8211; Aste Private Professionali. Termine e modalit\u00e0 di deposito&nbsp;dell\u2019OFFERTA: 1) le offerte di acquisto [&hellip;]<\/p>\n","protected":false},"author":1,"featured_media":0,"parent":0,"menu_order":0,"comment_status":"closed","ping_status":"closed","template":"","meta":{"footnotes":""},"class_list":["post-17648","page","type-page","status-publish","hentry"],"_links":{"self":[{"href":"https:\/\/appauctionuat.projectsdemo.net\/topics\/wp-json\/wp\/v2\/pages\/17648","targetHints":{"allow":["GET"]}}],"collection":[{"href":"https:\/\/appauctionuat.projectsdemo.net\/topics\/wp-json\/wp\/v2\/pages"}],"about":[{"href":"https:\/\/appauctionuat.projectsdemo.net\/topics\/wp-json\/wp\/v2\/types\/page"}],"author":[{"embeddable":true,"href":"https:\/\/appauctionuat.projectsdemo.net\/topics\/wp-json\/wp\/v2\/users\/1"}],"replies":[{"embeddable":true,"href":"https:\/\/appauctionuat.projectsdemo.net\/topics\/wp-json\/wp\/v2\/comments?post=17648"}],"version-history":[{"count":22,"href":"https:\/\/appauctionuat.projectsdemo.net\/topics\/wp-json\/wp\/v2\/pages\/17648\/revisions"}],"predecessor-version":[{"id":19234,"href":"https:\/\/appauctionuat.projectsdemo.net\/topics\/wp-json\/wp\/v2\/pages\/17648\/revisions\/19234"}],"wp:attachment":[{"href":"https:\/\/appauctionuat.projectsdemo.net\/topics\/wp-json\/wp\/v2\/media?parent=17648"}],"curies":[{"name":"wp","href":"https:\/\/api.w.org\/{rel}","templated":true}]}}