{"id":19082,"date":"2023-10-31T17:08:53","date_gmt":"2023-10-31T16:08:53","guid":{"rendered":"https:\/\/www.asteprivateprofessionali.it\/?page_id=19082"},"modified":"2023-10-31T17:08:53","modified_gmt":"2023-10-31T16:08:53","slug":"cookie-policy","status":"publish","type":"page","link":"https:\/\/appauctionuat.projectsdemo.net\/topics\/cookie-policy\/","title":{"rendered":"Cookie Policy"},"content":{"rendered":"<p>Informativa ai sensi dell\u2019articolo 13 del D.lgs. n.196\/2003 e ai sensi dell\u2019art. 13 e 14 del Regolamento Europeo 679\/2016 (di seguito anche il \u201cGDPR\u201d).<\/p>\n<h2>CHE COSA SONO I COOKIE<\/h2>\n<p>Il cookie \u00e8 un piccolo file di testo (pochi byte) scambiato tra un sito internet ed il suo browser e utilizzato dal gestore del sito per memorizzare le informazioni necessarie per il corretto funzionamento del sito (cd. cookie di navigazione) per il tuo riconoscimento ogni volta che accedi al sito (cd. cookie funzionali), per creare il tuo profilo al fine di inviare messaggi pubblicitari in linea con le preferenze da te manifestate (cd. cookie di profilazione). I cookie possono essere gestiti direttamente dal titolare del sito (cd. cookie di prima parte) o da soggetti terzi estranei al sito (cd. cookie di terza parte).<\/p>\n<h2>TIPOLOGIE E FINALITA\u2019 DEI COOKIE<\/h2>\n<p><strong>Cookie Tecnici:<\/strong><\/p>\n<ul>\n<li>Cookie di Navigazione: Questi cookie permettono al sito di funzionare correttamente per l\u2019erogazione dei servizi richiesti e gestire la tua esperienza di navigazione<\/li>\n<li>Cookie Funzionali: Questi cookie permettono al sito di riconoscerti ogni volta che accedi<\/li>\n<li>Cookie Analytics: Questi cookie sono finalizzati ad elaborare analisi statistiche sulle tue modalit\u00e0 di navigazione. E\u2019 un cookie anonimo e non raccoglie le tue informazioni personali Per l\u2019installazione di tali cookie non \u00e8 richiesto il tuo preventivo consenso<\/li>\n<\/ul>\n<p><strong>Cookie di terze parti:<\/strong><\/p>\n<ul>\n<li>Cookie Social plug-in: Questi cookie consentono di farti condividere i contenuti con una vasta gamma di piattaforme di social network<\/li>\n<\/ul>\n<p>Per l\u2019installazione di tali cookie \u00e8 richiesto una adeguata informativa ed il tuo preventivo consenso <strong>COME PRESTARE IL CONSENSO: <\/strong>Il tuo consenso \u00e8 raccolto inizialmente cliccando sull&#8217;elemento \u201cAccetto\u201d presente all&#8217;interno dell\u2019informativa breve che compare in Home Page e potrai revocarlo in ogni momento seguendo le procedure espresse nel relativo paragrafo. <strong>NATURA DEL CONFERIMENTO DEI DATI E CONSEGUENZE DI UN EVENTUALE RIFIUTO: <\/strong>L\u2019installazione dei cookie Tecnici non \u00e8 soggetta al tuo preventivo consenso essendo gli stessi strettamente necessari ad effettuare la trasmissione della comunicazione su una rete di comunicazione elettronica. L\u2019installazione dei cookie di Terze Parti richiede il tuo preventivo consenso come dettagliato nel relativo paragrafo. Un tuo diniego non impedisce la navigazione sul sito<\/p>\n<h2><strong>DETTAGLIO DEI COOKIE PRESENTI SU QUESTO SITO<\/strong><\/h2>\n<table style=\"width: 100%;\" border=\"1\">\n<tbody>\n<tr>\n<td style=\"width: 178px;\">Cookie Funzionali<\/td>\n<td style=\"width: 161px;\">Piattaforma interna \u2013 (cc_cookie Session Accept)<\/td>\n<td style=\"width: 911px;\">Questo cookie segnala al sito se mostrare la pop-up che chiede il consenso ai cookie. Quando l\u2019utente accetta, un cookie memorizza l\u2019azione e non mostra pi\u00f9 la pop-up<\/td>\n<\/tr>\n<tr>\n<td style=\"width: 178px;\">Cookie Analitici di Statistica \u2013 Cookie tecnico<\/td>\n<td style=\"width: 161px;\">Google Analytics (utma, utmc, utmb, utmz)<\/td>\n<td style=\"width: 911px;\">Strumento Gratuito volto a elaborare analisi statistiche sulle modalit\u00e0 di navigazione degli utenti (es. durata della sessione, numero di pagine viste, Browser utilizzato, sistema operativo, sesso, et\u00e0, genere, zona geografica di collegamento ecc). Questo \u00e8 un cookie anonimo e non raccoglie informazioni personali degli utenti. Per il sito \u00e8 un cookie necessario e sempre attivo. Per ulteriori info <a href=\"https:\/\/policies.google.com\/privacy?hl=it\" target=\"_blank\" rel=\"noopener noreferrer\">https:\/\/policies.google.com\/privacy?hl=it<br \/>\n<\/a>Per ulteriori informazioni, si rinvia al link di seguito indicato: <a href=\"https:\/\/policies.google.com\/technologies\/partner-sites?hl=it\" target=\"_blank\" rel=\"noopener noreferrer\">https:\/\/policies.google.com\/technologies\/partner-sites?hl=it<\/a> L\u2019utente pu\u00f2 disabilitare in modo selettivo l\u2019azione di Google Analytics installando sul proprio browser la componente di opt-out fornito da Google. Per disabilitare l\u2019azione di Google Analytics, si rinvia al link di seguito indicato: <a href=\"https:\/\/tools.google.com\/dlpage\/gaoptout\" target=\"_blank\" rel=\"noopener noreferrer\">https:\/\/tools.google.com\/dlpage\/gaoptout<\/a><\/td>\n<\/tr>\n<tr>\n<td style=\"width: 178px;\">Cookie Social Plugin<\/td>\n<td style=\"width: 161px;\">Social Media Plugin (atuvc) Facebook<\/td>\n<td style=\"width: 911px;\">Sono cookie per consentire ai visitatori di condividere i contenuti con una vasta gamma di piattaforme di social network (memorizza il numero di Mi Piace ad esempio) Facebook informativa: <a href=\"https:\/\/www.facebook.com\/policies\/cookies\/\" target=\"_blank\" rel=\"noopener noreferrer\">https:\/\/www.facebook.com\/policies\/cookies\/<\/a> Facebook (configurazione): accedere al proprio account. Sezione privacy.<\/td>\n<\/tr>\n<tr>\n<td style=\"width: 178px;\">Cookie Social Plugin<\/td>\n<td style=\"width: 161px;\">Social Media Plugin (atuvc) Twitter<\/td>\n<td style=\"width: 911px;\">Sono cookie per consentire ai visitatori di condividere i contenuti con una vasta gamma di piattaforme di social network (memorizza il numero di Mi Piace ad esempio) Twitter informative: <a href=\"https:\/\/help.twitter.com\/it\/rules-and-policies\/twitter-cookies\" target=\"_blank\" rel=\"noopener noreferrer\">https:\/\/help.twitter.com\/it\/rules-and-policies\/twitter-cookies<\/a> Twitter (configurazione): <a href=\"https:\/\/help.twitter.com\/it\/rules-and-policies\/twitter-cookies\" target=\"_blank\" rel=\"noopener noreferrer\">https:\/\/help.twitter.com\/it\/rules-and-policies\/twitter-cookies<\/a><\/td>\n<\/tr>\n<tr>\n<td style=\"width: 178px;\">Cookie Remarketing\/Retargeting<\/td>\n<td style=\"width: 161px;\"><\/td>\n<td style=\"width: 911px;\">Sono Cookie che Google installa per le Campagne Adwords. Per disabilitare i cookie:\u00a0<a href=\"https:\/\/adssettings.google.com\/u\/0\/authenticated?hl=it\" target=\"_blank\" rel=\"noopener noreferrer\">https:\/\/adssettings.google.com\/u\/0\/authenticated?hl=it<\/a><\/td>\n<\/tr>\n<\/tbody>\n<\/table>\n<h2><\/h2>\n<h2>COME DISABILITARE I COOKIE DAI PRINCIPALI BROWSER<\/h2>\n<p>La disabilitazione totale o parziale dei cookie Tecnici pu\u00f2 compromettere l\u2019utilizzo delle funzionalit\u00e0 del sito. La disabilitazione dei cookie di Terze Parti non pregiudica in alcun modo la navigabilit\u00e0 del sito. Per la disabilitazione oltre ai link suindicati potrai accedere al tuo browser per accettare o meno i diversi tipi di cookie e procedere alla loro rimozione.<\/p>\n<p>Di seguito i link dei principali browser che ti permetteranno tale scelta:<\/p>\n<p>Chrome: <a href=\"https:\/\/support.google.com\/chrome\/answer\/95647?hl=it\" target=\"_blank\" rel=\"noopener noreferrer\">https:\/\/support.google.com\/chrome\/answer\/95647?hl=it<\/a><br \/>\nFirefox: <a href=\"https:\/\/support.mozilla.org\/it\/kb\/Gestione%20dei%20cookie\" target=\"_blank\" rel=\"noopener noreferrer\">https:\/\/support.mozilla.org\/it\/kb\/Gestione%20dei%20cookie<\/a><br \/>\nInternet Explorer: <a href=\"https:\/\/support.microsoft.com\/it-it\/help\/4027947\/windows-delete-cookies\" target=\"_blank\" rel=\"noopener noreferrer\">https:\/\/support.microsoft.com\/it-it\/help\/4027947\/windows-delete-cookies<\/a><br \/>\nOpera: <a href=\"https:\/\/help.opera.com\/en\/latest\/security-and-privacy\/\" target=\"_blank\" rel=\"noopener noreferrer\">https:\/\/help.opera.com\/en\/latest\/security-and-privacy\/<\/a><br \/>\nSafari: <a href=\"https:\/\/support.apple.com\/it-it\/HT201265\" target=\"_blank\" rel=\"noopener noreferrer\">https:\/\/support.apple.com\/it-it\/HT201265<\/a><\/p>\n<p><strong>FINALIT\u00c0 DEL TRATTAMENTO DATI:<\/strong> 1. Esecuzione di autenticazioni informatiche 2. Ottimizzazione della navigazione dell\u2019utente 3. Monitoraggio delle sessioni ed analisi statistica anonima <strong>MODALIT\u00c0 DI TRATTAMENTO DEI DATI:<\/strong> Il trattamento dei dati viene effettuato con strumenti elettronici, con logiche strettamente correlate alle finalit\u00e0 sopra indicate e, comunque, in modo da garantire la sicurezza e la riservatezza dei dati stessi. <strong>SOGGETTI AI QUALI I DATI POSSONO ESSERE COMUNICATI:<\/strong> I dati possono essere comunicati a tutti i soggetti che svolgono a favore della societ\u00e0 attivit\u00e0 necessaria per l\u2019erogazione dei cookie come su dettagliati a tuo favore. I soggetti appartenenti alle predette categorie, ai quali i dati possono essere comunicati, utilizzeranno i dati in qualit\u00e0 di \u201ctitolari\u201d in piena autonomia.<\/p>\n<h2>DIRITTI DELL\u2019INTERESSATO<\/h2>\n<p>Avrai diritto di ottenere dalla Societ\u00e0 la conferma dell\u2019esistenza o meno di dati personali che ti riguardano, l\u2019indicazione dell\u2019origine dei dati personali, delle finalit\u00e0 e modalit\u00e0 del trattamento, della logica applicata, in caso di trattamento effettuato con l\u2019ausilio di strumenti elettronici, nonch\u00e9 dei soggetti o delle categorie di soggetti ai quali i dati personali possono essere comunicati o che possono venirne a conoscenza in qualit\u00e0 di responsabili o incaricati; avrai inoltre diritto alla cancellazione, alla trasformazione in forma anonima o al blocco dei dati trattati in violazione di legge, alla portabilit\u00e0 dei tuoi dati, nonch\u00e9 l\u2019aggiornamento, la rettificazione, la limitazione ovvero, qualora lo richieda, l\u2019integrazione o di ricevere una copia dei dati oggetto di trattamento. Avrai inoltre diritto a proporre reclamo davanti al Garante Privacy. Per qualsiasi comunicazione inerente il trattamento dei dati personali da parte della Societ\u00e0 potrai prendere contatti ai riferimenti indicati all&#8217;interno del sito.<\/p>\n","protected":false},"excerpt":{"rendered":"<p>Informativa ai sensi dell\u2019articolo 13 del D.lgs. n.196\/2003 e ai sensi dell\u2019art. 13 e 14 del Regolamento Europeo 679\/2016 (di seguito anche il \u201cGDPR\u201d). CHE COSA SONO I COOKIE Il cookie \u00e8 un piccolo file di testo (pochi byte) scambiato tra un sito internet ed il suo browser e utilizzato dal gestore del sito per [&hellip;]<\/p>\n","protected":false},"author":1,"featured_media":0,"parent":0,"menu_order":0,"comment_status":"closed","ping_status":"closed","template":"","meta":{"footnotes":""},"class_list":["post-19082","page","type-page","status-publish","hentry"],"_links":{"self":[{"href":"https:\/\/appauctionuat.projectsdemo.net\/topics\/wp-json\/wp\/v2\/pages\/19082","targetHints":{"allow":["GET"]}}],"collection":[{"href":"https:\/\/appauctionuat.projectsdemo.net\/topics\/wp-json\/wp\/v2\/pages"}],"about":[{"href":"https:\/\/appauctionuat.projectsdemo.net\/topics\/wp-json\/wp\/v2\/types\/page"}],"author":[{"embeddable":true,"href":"https:\/\/appauctionuat.projectsdemo.net\/topics\/wp-json\/wp\/v2\/users\/1"}],"replies":[{"embeddable":true,"href":"https:\/\/appauctionuat.projectsdemo.net\/topics\/wp-json\/wp\/v2\/comments?post=19082"}],"version-history":[{"count":1,"href":"https:\/\/appauctionuat.projectsdemo.net\/topics\/wp-json\/wp\/v2\/pages\/19082\/revisions"}],"predecessor-version":[{"id":19083,"href":"https:\/\/appauctionuat.projectsdemo.net\/topics\/wp-json\/wp\/v2\/pages\/19082\/revisions\/19083"}],"wp:attachment":[{"href":"https:\/\/appauctionuat.projectsdemo.net\/topics\/wp-json\/wp\/v2\/media?parent=19082"}],"curies":[{"name":"wp","href":"https:\/\/api.w.org\/{rel}","templated":true}]}}