{"id":3,"date":"2022-02-17T11:31:25","date_gmt":"2022-02-17T10:31:25","guid":{"rendered":"https:\/\/www.asteprivateprofessionali.it\/?page_id=3"},"modified":"2023-10-31T17:06:43","modified_gmt":"2023-10-31T16:06:43","slug":"privacy-policy","status":"publish","type":"page","link":"https:\/\/appauctionuat.projectsdemo.net\/topics\/privacy-policy\/","title":{"rendered":"Privacy Policy"},"content":{"rendered":"\r\n<p>Si tratta di un\u2019informativa resa ai sensi art. 13 del Regolamento Europeo 679\/2016 (di seguito anche \u201cGDPR\u201d) a coloro che interagiscono con il sito web e i moduli forniti tramite lo presente sito. L\u2019informativa \u00e8 resa per il presente sito e non anche per altri siti web eventualmente consultati dall\u2019utente tramite link.<\/p>\r\n\r\n\r\n\r\n<p><strong>Titolare del Trattamento<\/strong><\/p>\r\n\r\n\r\n\r\n<p>Il Titolare del trattamento \u00e8 A.P.E.P. &#8211; Associazione Professionale per le Esecuzioni della Provincia di Padova nella persona del legale rappresentante pro-tempore, con sede in Padova Via Nicol\u00f2 Tommaseo n. 78\/C \u2013 Padova, partita iva 03657060285, email: info@apepnotai.it Finalit\u00e0, base giuridica del trattamento e necessit\u00e0 del conferimento.<\/p>\r\n\r\n\r\n\r\n<p><strong>Finalit\u00e0 del trattamento.<\/strong><br \/>a) In via generale la finalit\u00e0 che il Titolare persegue tramite il presente sito \u00e8 la divulgazione di notizie sulla propria attivit\u00e0 e dei suoi recapiti al fine dell\u2019instaurazione di rapporti con la stessa oltre alla messa a disposizione dei moduli necessari agli interessati che partecipino ad aste.<br \/><br \/>b) gli interessati potranno contattare il Titolare al fine di richiedere preventivi o servizi e instaurare un rapporto contrattuale;<\/p>\r\n\r\n\r\n\r\n<p>Gli interessati che abbiano interesse a candidarsi come lavoratori (autonomi o subordinati) possono scrivere agli indirizzi dedicati a questo scopo senza utilizzare canali diversi. Ogni comunicazione pervenute tramite canali diversi non saranno prese in considerazione e cestinate.<\/p>\r\n\r\n\r\n\r\n<p><strong>Base Giuridica e necessit\u00e0 del conferimento<\/strong><br \/>La base giuridica del trattamento per le finalit\u00e0 indicate \u00e8 quella, prevista dall&#8217;art. 6 comma 1 lettere b) e c) del GDPR, ossia la costituzione di un rapporto contrattuale fra le parti e l\u2019adempimento di eventuali obblighi di legge ad esso pertinenti o necessari alla corretta esecuzione delle aste.<br \/>Il conferimento dei dati \u00e8 necessario a dare esecuzione al rapporto obbligatorio e in assenza dei dati personali richiesti non sar\u00e0 possibile ottenerlo.<br \/>I dati richiesti per il tramite della modulistica sono strettamente necessari al perseguimento del loro scopo e in loro assenza non sar\u00e0 possibile accedere ai relativi servizi e\/o evasione delle istanze.<br \/>Navigazione sul sito il Titolare potr\u00e0 trattare dati personali degli utenti anche durante la navigazione anche tramite l\u2019utilizzo di cookie. Si precisa che il trattamento tramite cookie tecnici \u00e8 necessario per procedere con una corretta navigazione e che in mancanza non sar\u00e0 possibile navigare (es. visualizzazione della pagina da cellulare, browser specifico, etc.) e che sono impiegati nel presente sito i cookie indicati nella corrispondente cookie policy.<\/p>\r\n\r\n\r\n\r\n<p>Tramite l\u2019apposito banner di consenso \u2013 del tutto facoltativo \u2013 l\u2019utente potr\u00e0 definire le proprie preferenze.<\/p>\r\n\r\n\r\n\r\n<ol class=\"wp-block-list\" start=\"1\">\r\n<li><strong>Modalit\u00e0 del trattamento.<\/strong><br \/>I dati personali sono trattati dal Titolare prevalentemente in formato elettronico. I dati personali nonch\u00e9 ogni altra eventuale informazione associabile, direttamente od indirettamente, ad un interessato sono raccolti e trattati applicando le misure di sicurezza tecniche e organizzative tali da garantire un livello di sicurezza adeguato al rischio, tenendo conto dello stato dell&#8217;arte e dei costi di attuazione.<br \/>Si ricorda che per violazione dati personali si intende &#8220;la violazione di sicurezza che comporta accidentalmente o in modo illecito la distruzione, la perdita, la modifica, la divulgazione non autorizzata o l&#8217;accesso ai dati personali trasmessi, conservati o comunque trattati&#8221;.<\/li>\r\n\r\n\r\n\r\n<li><strong>Categorie di destinatari dei dati personali e trasferimento<br \/><\/strong>I dati di natura personale che possono essere trattati dal Titolare sono in via generale di tipo comune, in particolare per l\u2019esecuzione dei rapporti contrattuali con gli interessati. Nel caso di rapporti di lavoro potranno essere trattate anche categorie particolari di dati artt. 9 e 10 del GDPR nel rispetto delle leggi che lo prevedono. In ogni caso di dati degli interessati potranno essere comunicati a soggetti terzi, anche fornitori di servizi (data center, server provider, etc.) tutti formalmente incaricati e nominati dal Titolare, o Responsabile ai sensi dell\u2019art. 28 GDPR. Allo stesso modo nei casi di contitolarit\u00e0 verr\u00e0 sottoscritto contratto art 26 GDPR. <br \/>In ogni caso, il Titolare non trasferisce i dati personali dei propri interessati verso paesi terzi. Nel caso di coinvolgimento di soggetti terzi stabiliti in paesi esteri rispetto l&#8217;Unione Europea, per il relativo trasferimento saranno adottate appropriate garanzie corrispondenti alle decisioni di adeguatezza emesse dalla Commissione Europea e\/o dall&#8217;Autorit\u00e0 Garante nazionale per la protezione dei dati personali di volta in volta adeguate al caso. Ulteriori informazioni riguardo i casi di eventuali trasferimenti di dati verso paesi esteri rispetto l&#8217;Unione Europea e le relative garanzie adottate, nonch\u00e9 informazioni riguardo le societ\u00e0 nominate responsabili di trattamento dati personali, possono essere richieste al Titolare.<\/li>\r\n\r\n\r\n\r\n<li><strong>Periodo di conservazione<br \/><\/strong>Nel rispetto di quanto previsto dall&#8217;art. 5 comma 1 lett. e) del Reg. UE 2016\/679 i dati raccolti verranno trattati in una forma che consenta l\u2019identificazione degli interessati per un arco di tempo non superiore al conseguimento delle finalit\u00e0 per le quali i dati personali sono trattati.<br \/>I dati personali raccolti per le finalit\u00e0 sopra indicate saranno trattati dal Titolare sino alla cessazione dei rapporti precontrattuali o contrattuali e conservati sino alla prescrizione dei diritti dell\u2019interessato (in genere prevista dal codice civile in 10 anni). Nel coso un trattamento si basi sul consenso questo cesser\u00e0 alla sua revoca.<\/li>\r\n\r\n\r\n\r\n<li><strong>Diritti dell\u2019interessato<br \/><\/strong>I soggetti cui si riferiscono i dati personali hanno il diritto in qualunque momento di ottenere la conferma o meno di un trattamento in corso, la rettifica dei dati personali inesatti, la cancellazione, la limitazione del trattamento. Tali diritti, insieme a quelli di portabilit\u00e0 e di opposizione al trattamento, possono essere esercitati alle condizioni previste dagli articoli 15-22 del Regolamento europeo 2016\/679.<br \/>In particolare, sono riconosciuti all\u2019interessato i seguenti diritti: artt. 15 &#8211; \u201cDiritto di accesso dell\u2019interessato\u201d, 16 &#8211; \u201cDiritto di rettifica\u201d, 17 &#8211; \u201cDiritto alla cancellazione\u201d, 18 \u2013 \u201cDiritto di limitazione al trattamento\u201d, 20 \u2013 \u201cDiritto alla portabilit\u00e0 dei dati\u201d, 21 \u2013 \u201cDiritto di opposizione\u201d GDPR nei limiti ed alle condizioni previste dall&#8217;art. 12 GDPR, possibilit\u00e0 di proporre reclamo ex art. 77 GDPR.<\/li>\r\n<\/ol>\r\n\r\n\r\n\r\n<p>Per i trattamenti di dati personali per i quali la base giuridica \u00e8 il consenso, questo potr\u00e0 essere revocato.<\/p>\r\n\r\n\r\n\r\n<p>Per esercitare tali diritti, dovr\u00e0 contattare il Titolare facendo riferimento ai dati di contatto riportati all&#8217;inizio di questa Informativa. Per ricevere ulteriori informazioni in ordine ai suoi diritti ed alla disciplina sulla privacy in generale La invitiamo a visitare il sito web dell&#8217;Autorit\u00e0 Garante per la protezione dei dati personali, all&#8217;indirizzo http:\/\/www.garanteprivacy.it.<\/p>\r\n","protected":false},"excerpt":{"rendered":"<p>Si tratta di un\u2019informativa resa ai sensi art. 13 del Regolamento Europeo 679\/2016 (di seguito anche \u201cGDPR\u201d) a coloro che interagiscono con il sito web e i moduli forniti tramite lo presente sito. L\u2019informativa \u00e8 resa per il presente sito e non anche per altri siti web eventualmente consultati dall\u2019utente tramite link. Titolare del Trattamento [&hellip;]<\/p>\n","protected":false},"author":1,"featured_media":0,"parent":0,"menu_order":0,"comment_status":"closed","ping_status":"closed","template":"","meta":{"footnotes":""},"class_list":["post-3","page","type-page","status-publish","hentry"],"_links":{"self":[{"href":"https:\/\/appauctionuat.projectsdemo.net\/topics\/wp-json\/wp\/v2\/pages\/3","targetHints":{"allow":["GET"]}}],"collection":[{"href":"https:\/\/appauctionuat.projectsdemo.net\/topics\/wp-json\/wp\/v2\/pages"}],"about":[{"href":"https:\/\/appauctionuat.projectsdemo.net\/topics\/wp-json\/wp\/v2\/types\/page"}],"author":[{"embeddable":true,"href":"https:\/\/appauctionuat.projectsdemo.net\/topics\/wp-json\/wp\/v2\/users\/1"}],"replies":[{"embeddable":true,"href":"https:\/\/appauctionuat.projectsdemo.net\/topics\/wp-json\/wp\/v2\/comments?post=3"}],"version-history":[{"count":1,"href":"https:\/\/appauctionuat.projectsdemo.net\/topics\/wp-json\/wp\/v2\/pages\/3\/revisions"}],"predecessor-version":[{"id":19081,"href":"https:\/\/appauctionuat.projectsdemo.net\/topics\/wp-json\/wp\/v2\/pages\/3\/revisions\/19081"}],"wp:attachment":[{"href":"https:\/\/appauctionuat.projectsdemo.net\/topics\/wp-json\/wp\/v2\/media?parent=3"}],"curies":[{"name":"wp","href":"https:\/\/api.w.org\/{rel}","templated":true}]}}