{"id":692,"date":"2016-03-10T14:36:36","date_gmt":"2016-03-10T13:36:36","guid":{"rendered":"http:\/\/houzez01.favethemes.com\/?page_id=692"},"modified":"2024-04-20T09:18:13","modified_gmt":"2024-04-20T07:18:13","slug":"chi-siamo","status":"publish","type":"page","link":"https:\/\/appauctionuat.projectsdemo.net\/topics\/chi-siamo\/","title":{"rendered":"Chi Siamo"},"content":{"rendered":"\t\t<div data-elementor-type=\"wp-post\" data-elementor-id=\"692\" class=\"elementor elementor-692\">\n\t\t\t\t\t\t<section class=\"elementor-section elementor-top-section elementor-element elementor-element-3ac69b40 elementor-section-boxed elementor-section-height-default elementor-section-height-default\" data-id=\"3ac69b40\" data-element_type=\"section\" data-settings=\"{&quot;background_background&quot;:&quot;classic&quot;}\">\n\t\t\t\t\t\t<div class=\"elementor-container elementor-column-gap-default\">\n\t\t\t\t\t<div class=\"elementor-column elementor-col-100 elementor-top-column elementor-element elementor-element-65587e\" data-id=\"65587e\" data-element_type=\"column\">\n\t\t\t<div class=\"elementor-widget-wrap elementor-element-populated\">\n\t\t\t\t\t\t<div class=\"elementor-element elementor-element-12e937dc elementor-widget elementor-widget-text-editor\" data-id=\"12e937dc\" data-element_type=\"widget\" data-widget_type=\"text-editor.default\">\n\t\t\t\t<div class=\"elementor-widget-container\">\n\t\t\t\t\t\t\t<p>&nbsp;Aste Private Professionali s.r.l., in sigla APP s.r.l., \u00e8 partner qualificato di privati, professionisti (Amministratori di Sostegno, Curatori di Eredit\u00e0 Giacenti, Esecutori Testamentari, &#8230;) ed enti che vogliono porre in vendita beni immobili con il nuovo e moderno strumento dell\u2019asta privata, anche in modalit\u00e0 telematica.<\/p>\n<p>Opera in sinergia con il Notaio, pubblico ufficiale che ha la competenza e la professionalit\u00e0 necessarie per garantire la trasparenza e la sicurezza del trasferimento.<\/p>\t\t\t\t\t\t<\/div>\n\t\t\t\t<\/div>\n\t\t\t\t\t<\/div>\n\t\t<\/div>\n\t\t\t\t\t<\/div>\n\t\t<\/section>\n\t\t\t\t<section class=\"elementor-section elementor-top-section elementor-element elementor-element-2320f53 elementor-section-boxed elementor-section-height-default elementor-section-height-default\" data-id=\"2320f53\" data-element_type=\"section\">\n\t\t\t\t\t\t<div class=\"elementor-container elementor-column-gap-default\">\n\t\t\t\t\t<div class=\"elementor-column elementor-col-50 elementor-top-column elementor-element elementor-element-e133459\" data-id=\"e133459\" data-element_type=\"column\">\n\t\t\t<div class=\"elementor-widget-wrap elementor-element-populated\">\n\t\t\t\t\t\t<div class=\"elementor-element elementor-element-d70ba90 animated-slow elementor-invisible elementor-widget elementor-widget-heading\" data-id=\"d70ba90\" data-element_type=\"widget\" data-settings=\"{&quot;_animation&quot;:&quot;fadeIn&quot;}\" data-widget_type=\"heading.default\">\n\t\t\t\t<div class=\"elementor-widget-container\">\n\t\t\t<h2 class=\"elementor-heading-title elementor-size-default\">Che cosa \u00e8 l\u2019asta privata?<\/h2>\t\t<\/div>\n\t\t\t\t<\/div>\n\t\t\t\t<div class=\"elementor-element elementor-element-3912343 elementor-widget elementor-widget-text-editor\" data-id=\"3912343\" data-element_type=\"widget\" data-widget_type=\"text-editor.default\">\n\t\t\t\t<div class=\"elementor-widget-container\">\n\t\t\t\t\t\t\t<p>L\u2019asta privata \u00e8 uno strumento di vendita largamente diffuso nei paesi anglosassoni, che si sta affermando anche nel nostro Paese: si tratta di una vendita volontaria a mezzo della quale si consente al proprietario di offrire il suo bene ad una pluralit\u00e0 di soggetti. Il bene sar\u00e0 assegnato al soggetto che avr\u00e0 effettuato la migliore offerta nella gara che si terr\u00e0 davanti al Notaio, e sar\u00e0 a lui trasferito tramite rogito notarile.<\/p>\t\t\t\t\t\t<\/div>\n\t\t\t\t<\/div>\n\t\t\t\t\t<\/div>\n\t\t<\/div>\n\t\t\t\t<div class=\"elementor-column elementor-col-50 elementor-top-column elementor-element elementor-element-86df528\" data-id=\"86df528\" data-element_type=\"column\">\n\t\t\t<div class=\"elementor-widget-wrap elementor-element-populated\">\n\t\t\t\t\t\t<div class=\"elementor-element elementor-element-7dbbf24 elementor-widget elementor-widget-image\" data-id=\"7dbbf24\" data-element_type=\"widget\" data-widget_type=\"image.default\">\n\t\t\t\t<div class=\"elementor-widget-container\">\n\t\t\t\t\t\t\t\t\t\t\t\t\t<img fetchpriority=\"high\" decoding=\"async\" width=\"1024\" height=\"768\" src=\"https:\/\/appauctionuat.projectsdemo.net\/topics\/wp-content\/uploads\/2023\/05\/IMG_9947-1024x768.jpg\" class=\"attachment-large size-large wp-image-18201\" alt=\"\" srcset=\"https:\/\/appauctionuat.projectsdemo.net\/topics\/wp-content\/uploads\/2023\/05\/IMG_9947-1024x768.jpg 1024w, https:\/\/appauctionuat.projectsdemo.net\/topics\/wp-content\/uploads\/2023\/05\/IMG_9947-scaled-600x450.jpg 600w, https:\/\/appauctionuat.projectsdemo.net\/topics\/wp-content\/uploads\/2023\/05\/IMG_9947-300x225.jpg 300w, https:\/\/appauctionuat.projectsdemo.net\/topics\/wp-content\/uploads\/2023\/05\/IMG_9947-768x576.jpg 768w, https:\/\/appauctionuat.projectsdemo.net\/topics\/wp-content\/uploads\/2023\/05\/IMG_9947-1536x1152.jpg 1536w, https:\/\/appauctionuat.projectsdemo.net\/topics\/wp-content\/uploads\/2023\/05\/IMG_9947-2048x1536.jpg 2048w, https:\/\/appauctionuat.projectsdemo.net\/topics\/wp-content\/uploads\/2023\/05\/IMG_9947-592x444.jpg 592w, https:\/\/appauctionuat.projectsdemo.net\/topics\/wp-content\/uploads\/2023\/05\/IMG_9947-584x438.jpg 584w, https:\/\/appauctionuat.projectsdemo.net\/topics\/wp-content\/uploads\/2023\/05\/IMG_9947-800x600.jpg 800w, https:\/\/appauctionuat.projectsdemo.net\/topics\/wp-content\/uploads\/2023\/05\/IMG_9947-120x90.jpg 120w, https:\/\/appauctionuat.projectsdemo.net\/topics\/wp-content\/uploads\/2023\/05\/IMG_9947-496x372.jpg 496w\" sizes=\"(max-width: 1024px) 100vw, 1024px\" \/>\t\t\t\t\t\t\t\t\t\t\t\t\t<\/div>\n\t\t\t\t<\/div>\n\t\t\t\t\t<\/div>\n\t\t<\/div>\n\t\t\t\t\t<\/div>\n\t\t<\/section>\n\t\t\t\t<section class=\"elementor-section elementor-top-section elementor-element elementor-element-67f6092 elementor-section-boxed elementor-section-height-default elementor-section-height-default\" data-id=\"67f6092\" data-element_type=\"section\">\n\t\t\t\t\t\t<div class=\"elementor-container elementor-column-gap-default\">\n\t\t\t\t\t<div class=\"elementor-column elementor-col-50 elementor-top-column elementor-element elementor-element-5abc389\" data-id=\"5abc389\" data-element_type=\"column\">\n\t\t\t<div class=\"elementor-widget-wrap elementor-element-populated\">\n\t\t\t\t\t\t<div class=\"elementor-element elementor-element-fc9ccfb elementor-widget elementor-widget-image\" data-id=\"fc9ccfb\" data-element_type=\"widget\" data-widget_type=\"image.default\">\n\t\t\t\t<div class=\"elementor-widget-container\">\n\t\t\t\t\t\t\t\t\t\t\t\t\t<img decoding=\"async\" width=\"726\" height=\"630\" src=\"https:\/\/appauctionuat.projectsdemo.net\/topics\/wp-content\/uploads\/2022\/03\/app-img-4.jpg\" class=\"attachment-large size-large wp-image-17623\" alt=\"\" srcset=\"https:\/\/appauctionuat.projectsdemo.net\/topics\/wp-content\/uploads\/2022\/03\/app-img-4.jpg 726w, https:\/\/appauctionuat.projectsdemo.net\/topics\/wp-content\/uploads\/2022\/03\/app-img-4-600x521.jpg 600w, https:\/\/appauctionuat.projectsdemo.net\/topics\/wp-content\/uploads\/2022\/03\/app-img-4-300x260.jpg 300w, https:\/\/appauctionuat.projectsdemo.net\/topics\/wp-content\/uploads\/2022\/03\/app-img-4-691x600.jpg 691w, https:\/\/appauctionuat.projectsdemo.net\/topics\/wp-content\/uploads\/2022\/03\/app-img-4-496x430.jpg 496w\" sizes=\"(max-width: 726px) 100vw, 726px\" \/>\t\t\t\t\t\t\t\t\t\t\t\t\t<\/div>\n\t\t\t\t<\/div>\n\t\t\t\t\t<\/div>\n\t\t<\/div>\n\t\t\t\t<div class=\"elementor-column elementor-col-50 elementor-top-column elementor-element elementor-element-fa4208a\" data-id=\"fa4208a\" data-element_type=\"column\">\n\t\t\t<div class=\"elementor-widget-wrap elementor-element-populated\">\n\t\t\t\t\t\t<div class=\"elementor-element elementor-element-0739853 animated-slow elementor-invisible elementor-widget elementor-widget-heading\" data-id=\"0739853\" data-element_type=\"widget\" data-settings=\"{&quot;_animation&quot;:&quot;fadeIn&quot;}\" data-widget_type=\"heading.default\">\n\t\t\t\t<div class=\"elementor-widget-container\">\n\t\t\t<h2 class=\"elementor-heading-title elementor-size-default\">Quali sono i vantaggi di un\u2019asta privata?<\/h2>\t\t<\/div>\n\t\t\t\t<\/div>\n\t\t\t\t<div class=\"elementor-element elementor-element-121287d elementor-widget elementor-widget-text-editor\" data-id=\"121287d\" data-element_type=\"widget\" data-widget_type=\"text-editor.default\">\n\t\t\t\t<div class=\"elementor-widget-container\">\n\t\t\t\t\t\t\t<p>Vendere e acquistare tramite asta privata assicura:<\/p><ul><li>Tempi certi in quanto precedentemente concordati;<\/li><li>Massimizzazione del ricavo mediante il sistema della gara al rialzo;<\/li><li>Costi ridotti;<\/li><li>Trasparenza della procedura<\/li><\/ul>\t\t\t\t\t\t<\/div>\n\t\t\t\t<\/div>\n\t\t\t\t\t<\/div>\n\t\t<\/div>\n\t\t\t\t\t<\/div>\n\t\t<\/section>\n\t\t\t\t<section class=\"elementor-section elementor-top-section elementor-element elementor-element-c0ae825 elementor-section-boxed elementor-section-height-default elementor-section-height-default\" data-id=\"c0ae825\" data-element_type=\"section\">\n\t\t\t\t\t\t<div class=\"elementor-container elementor-column-gap-default\">\n\t\t\t\t\t<div class=\"elementor-column elementor-col-100 elementor-top-column elementor-element elementor-element-e63fa05\" data-id=\"e63fa05\" data-element_type=\"column\">\n\t\t\t<div class=\"elementor-widget-wrap elementor-element-populated\">\n\t\t\t\t\t\t<div class=\"elementor-element elementor-element-4765895 animated-slow elementor-invisible elementor-widget elementor-widget-heading\" data-id=\"4765895\" data-element_type=\"widget\" data-settings=\"{&quot;_animation&quot;:&quot;fadeIn&quot;}\" data-widget_type=\"heading.default\">\n\t\t\t\t<div class=\"elementor-widget-container\">\n\t\t\t<h2 class=\"elementor-heading-title elementor-size-default\">Quali sono i servizi proposti da APP?<\/h2>\t\t<\/div>\n\t\t\t\t<\/div>\n\t\t\t\t\t<\/div>\n\t\t<\/div>\n\t\t\t\t\t<\/div>\n\t\t<\/section>\n\t\t\t\t<section class=\"elementor-section elementor-top-section elementor-element elementor-element-f8dabda elementor-section-boxed elementor-section-height-default elementor-section-height-default\" data-id=\"f8dabda\" data-element_type=\"section\">\n\t\t\t\t\t\t<div class=\"elementor-container elementor-column-gap-default\">\n\t\t\t\t\t<div class=\"elementor-column elementor-col-100 elementor-top-column elementor-element elementor-element-5c28057\" data-id=\"5c28057\" data-element_type=\"column\">\n\t\t\t<div class=\"elementor-widget-wrap elementor-element-populated\">\n\t\t\t\t\t\t<div class=\"elementor-element elementor-element-ba2c7c3 elementor-widget elementor-widget-text-editor\" data-id=\"ba2c7c3\" data-element_type=\"widget\" data-widget_type=\"text-editor.default\">\n\t\t\t\t<div class=\"elementor-widget-container\">\n\t\t\t\t\t\t\t<p>APP offre una serie di servizi che partono dall\u2019analisi sul venditore e sugli immobili, sino ad arrivare al rogito notarile.<\/p><p>Nello specifico APP:<\/p><ul><li>Incontra il cliente per definire tempistiche e modalit\u00e0 del bando di vendita;<\/li><li>Provvede ad accertare l\u2019inesistenza di formalit\u00e0 pregiudizievoli per la vendita dell\u2019immobile e la sua libera commerciabilit\u00e0;<\/li><li>Acquisisce l&#8217;intera documentazione preliminare che verr\u00e0 poi messa a disposizione degli interessati epurata dei dati sensibili;<\/li><li>Individua, se necessario, un perito stimatore per la redazione di un elaborato tecnico-descrittivo asseverato, laddove il venditore non sia gi\u00e0 in possesso di perizia di stima idonea;<\/li><li>Realizza il book fotografico e il virtual tour 360\u00b0 interattivo, su richiesta del venditore;<\/li><li>Redige il bando d&#8217;asta e il relativo disciplinare;<\/li><li>Divulga tramite i canali\u00a0 pubblicitari la vendita;<\/li><li>Segnala alla propriet\u00e0 i nominativi degli interessati al fine consentire le visite di accompagnamento;<\/li><li>Gestisce l&#8217;Asta e la gara tra pi\u00f9 offerenti;<\/li><li>Opera in sinergia con il Notaio fino alla stipula dell&#8217;atto di compravendita.<\/li><\/ul>\t\t\t\t\t\t<\/div>\n\t\t\t\t<\/div>\n\t\t\t\t\t<\/div>\n\t\t<\/div>\n\t\t\t\t\t<\/div>\n\t\t<\/section>\n\t\t\t\t<section class=\"elementor-section elementor-top-section elementor-element elementor-element-0535c39 elementor-section-boxed elementor-section-height-default elementor-section-height-default\" data-id=\"0535c39\" data-element_type=\"section\">\n\t\t\t\t\t\t<div class=\"elementor-container elementor-column-gap-default\">\n\t\t\t\t\t<div class=\"elementor-column elementor-col-100 elementor-top-column elementor-element elementor-element-d60639c\" data-id=\"d60639c\" data-element_type=\"column\">\n\t\t\t<div class=\"elementor-widget-wrap elementor-element-populated\">\n\t\t\t\t\t\t<div class=\"elementor-element elementor-element-c0a6f80 elementor-widget elementor-widget-image\" data-id=\"c0a6f80\" data-element_type=\"widget\" data-widget_type=\"image.default\">\n\t\t\t\t<div class=\"elementor-widget-container\">\n\t\t\t\t\t\t\t\t\t\t\t\t\t<img decoding=\"async\" width=\"768\" height=\"942\" src=\"https:\/\/appauctionuat.projectsdemo.net\/topics\/wp-content\/uploads\/2022\/10\/20221012114707_00001-768x942.jpg\" class=\"attachment-medium_large size-medium_large wp-image-17995\" alt=\"\" srcset=\"https:\/\/appauctionuat.projectsdemo.net\/topics\/wp-content\/uploads\/2022\/10\/20221012114707_00001-768x942.jpg 768w, https:\/\/appauctionuat.projectsdemo.net\/topics\/wp-content\/uploads\/2022\/10\/20221012114707_00001-600x736.jpg 600w, https:\/\/appauctionuat.projectsdemo.net\/topics\/wp-content\/uploads\/2022\/10\/20221012114707_00001-245x300.jpg 245w, https:\/\/appauctionuat.projectsdemo.net\/topics\/wp-content\/uploads\/2022\/10\/20221012114707_00001-835x1024.jpg 835w, https:\/\/appauctionuat.projectsdemo.net\/topics\/wp-content\/uploads\/2022\/10\/20221012114707_00001-1252x1536.jpg 1252w, https:\/\/appauctionuat.projectsdemo.net\/topics\/wp-content\/uploads\/2022\/10\/20221012114707_00001-1669x2048.jpg 1669w, https:\/\/appauctionuat.projectsdemo.net\/topics\/wp-content\/uploads\/2022\/10\/20221012114707_00001-489x600.jpg 489w, https:\/\/appauctionuat.projectsdemo.net\/topics\/wp-content\/uploads\/2022\/10\/20221012114707_00001-496x608.jpg 496w, https:\/\/appauctionuat.projectsdemo.net\/topics\/wp-content\/uploads\/2022\/10\/20221012114707_00001.jpg 1914w\" sizes=\"(max-width: 768px) 100vw, 768px\" \/>\t\t\t\t\t\t\t\t\t\t\t\t\t<\/div>\n\t\t\t\t<\/div>\n\t\t\t\t\t<\/div>\n\t\t<\/div>\n\t\t\t\t\t<\/div>\n\t\t<\/section>\n\t\t\t\t<section class=\"elementor-section elementor-top-section elementor-element elementor-element-5024df58 elementor-hidden-desktop elementor-hidden-tablet elementor-hidden-mobile elementor-section-boxed elementor-section-height-default elementor-section-height-default\" data-id=\"5024df58\" data-element_type=\"section\">\n\t\t\t\t\t\t<div class=\"elementor-container elementor-column-gap-default\">\n\t\t\t\t\t<div class=\"elementor-column elementor-col-100 elementor-top-column elementor-element elementor-element-20de0a59\" data-id=\"20de0a59\" data-element_type=\"column\">\n\t\t\t<div class=\"elementor-widget-wrap elementor-element-populated\">\n\t\t\t\t\t\t<div class=\"elementor-element elementor-element-2eff81f elementor-widget elementor-widget-spacer\" data-id=\"2eff81f\" data-element_type=\"widget\" data-widget_type=\"spacer.default\">\n\t\t\t\t<div class=\"elementor-widget-container\">\n\t\t\t\t\t<div class=\"elementor-spacer\">\n\t\t\t<div class=\"elementor-spacer-inner\"><\/div>\n\t\t<\/div>\n\t\t\t\t<\/div>\n\t\t\t\t<\/div>\n\t\t\t\t<section class=\"elementor-section elementor-inner-section elementor-element elementor-element-508bb7ff elementor-section-boxed elementor-section-height-default elementor-section-height-default\" data-id=\"508bb7ff\" data-element_type=\"section\">\n\t\t\t\t\t\t<div class=\"elementor-container elementor-column-gap-default\">\n\t\t\t\t\t<div class=\"elementor-column elementor-col-25 elementor-inner-column elementor-element elementor-element-69dd8d4f\" data-id=\"69dd8d4f\" data-element_type=\"column\">\n\t\t\t<div class=\"elementor-widget-wrap\">\n\t\t\t\t\t\t\t<\/div>\n\t\t<\/div>\n\t\t\t\t<div class=\"elementor-column elementor-col-25 elementor-inner-column elementor-element elementor-element-12797e06\" data-id=\"12797e06\" data-element_type=\"column\">\n\t\t\t<div class=\"elementor-widget-wrap\">\n\t\t\t\t\t\t\t<\/div>\n\t\t<\/div>\n\t\t\t\t<div class=\"elementor-column elementor-col-25 elementor-inner-column elementor-element elementor-element-199446e5\" data-id=\"199446e5\" data-element_type=\"column\">\n\t\t\t<div class=\"elementor-widget-wrap\">\n\t\t\t\t\t\t\t<\/div>\n\t\t<\/div>\n\t\t\t\t<div class=\"elementor-column elementor-col-25 elementor-inner-column elementor-element elementor-element-1650ad60\" data-id=\"1650ad60\" data-element_type=\"column\">\n\t\t\t<div class=\"elementor-widget-wrap\">\n\t\t\t\t\t\t\t<\/div>\n\t\t<\/div>\n\t\t\t\t\t<\/div>\n\t\t<\/section>\n\t\t\t\t<div class=\"elementor-element elementor-element-5045947 elementor-widget elementor-widget-spacer\" data-id=\"5045947\" data-element_type=\"widget\" data-widget_type=\"spacer.default\">\n\t\t\t\t<div class=\"elementor-widget-container\">\n\t\t\t\t\t<div class=\"elementor-spacer\">\n\t\t\t<div class=\"elementor-spacer-inner\"><\/div>\n\t\t<\/div>\n\t\t\t\t<\/div>\n\t\t\t\t<\/div>\n\t\t\t\t\t<\/div>\n\t\t<\/div>\n\t\t\t\t\t<\/div>\n\t\t<\/section>\n\t\t\t\t<section class=\"elementor-section elementor-top-section elementor-element elementor-element-62b16469 elementor-hidden-desktop elementor-hidden-tablet elementor-hidden-mobile elementor-section-boxed elementor-section-height-default elementor-section-height-default\" data-id=\"62b16469\" data-element_type=\"section\" data-settings=\"{&quot;background_background&quot;:&quot;classic&quot;}\">\n\t\t\t\t\t\t<div class=\"elementor-container elementor-column-gap-default\">\n\t\t\t\t\t<div class=\"elementor-column elementor-col-100 elementor-top-column elementor-element elementor-element-1cdf2e85\" data-id=\"1cdf2e85\" data-element_type=\"column\">\n\t\t\t<div class=\"elementor-widget-wrap elementor-element-populated\">\n\t\t\t\t\t\t<div class=\"elementor-element elementor-element-6c857b2f elementor-widget elementor-widget-spacer\" data-id=\"6c857b2f\" data-element_type=\"widget\" data-widget_type=\"spacer.default\">\n\t\t\t\t<div class=\"elementor-widget-container\">\n\t\t\t\t\t<div class=\"elementor-spacer\">\n\t\t\t<div class=\"elementor-spacer-inner\"><\/div>\n\t\t<\/div>\n\t\t\t\t<\/div>\n\t\t\t\t<\/div>\n\t\t\t\t<section class=\"elementor-section elementor-inner-section elementor-element elementor-element-624c0beb elementor-section-boxed elementor-section-height-default elementor-section-height-default\" data-id=\"624c0beb\" data-element_type=\"section\">\n\t\t\t\t\t\t<div class=\"elementor-container elementor-column-gap-default\">\n\t\t\t\t\t<div class=\"elementor-column elementor-col-25 elementor-inner-column elementor-element elementor-element-6c4309fd\" data-id=\"6c4309fd\" data-element_type=\"column\">\n\t\t\t<div class=\"elementor-widget-wrap\">\n\t\t\t\t\t\t\t<\/div>\n\t\t<\/div>\n\t\t\t\t<div class=\"elementor-column elementor-col-25 elementor-inner-column elementor-element elementor-element-14698bc7\" data-id=\"14698bc7\" data-element_type=\"column\">\n\t\t\t<div class=\"elementor-widget-wrap\">\n\t\t\t\t\t\t\t<\/div>\n\t\t<\/div>\n\t\t\t\t<div class=\"elementor-column elementor-col-25 elementor-inner-column elementor-element elementor-element-145b4253\" data-id=\"145b4253\" data-element_type=\"column\">\n\t\t\t<div class=\"elementor-widget-wrap\">\n\t\t\t\t\t\t\t<\/div>\n\t\t<\/div>\n\t\t\t\t<div class=\"elementor-column elementor-col-25 elementor-inner-column elementor-element elementor-element-468120d1\" data-id=\"468120d1\" data-element_type=\"column\">\n\t\t\t<div class=\"elementor-widget-wrap\">\n\t\t\t\t\t\t\t<\/div>\n\t\t<\/div>\n\t\t\t\t\t<\/div>\n\t\t<\/section>\n\t\t\t\t<div class=\"elementor-element elementor-element-2a44a123 elementor-widget elementor-widget-spacer\" data-id=\"2a44a123\" data-element_type=\"widget\" data-widget_type=\"spacer.default\">\n\t\t\t\t<div class=\"elementor-widget-container\">\n\t\t\t\t\t<div class=\"elementor-spacer\">\n\t\t\t<div class=\"elementor-spacer-inner\"><\/div>\n\t\t<\/div>\n\t\t\t\t<\/div>\n\t\t\t\t<\/div>\n\t\t\t\t\t<\/div>\n\t\t<\/div>\n\t\t\t\t\t<\/div>\n\t\t<\/section>\n\t\t\t\t<section class=\"elementor-section elementor-top-section elementor-element elementor-element-575409f6 elementor-hidden-desktop elementor-hidden-tablet elementor-hidden-mobile elementor-section-boxed elementor-section-height-default elementor-section-height-default\" data-id=\"575409f6\" data-element_type=\"section\">\n\t\t\t\t\t\t<div class=\"elementor-container elementor-column-gap-default\">\n\t\t\t\t\t<div class=\"elementor-column elementor-col-100 elementor-top-column elementor-element elementor-element-7f4acf9\" data-id=\"7f4acf9\" data-element_type=\"column\">\n\t\t\t<div class=\"elementor-widget-wrap elementor-element-populated\">\n\t\t\t\t\t\t<div class=\"elementor-element elementor-element-650b3c63 elementor-widget elementor-widget-spacer\" data-id=\"650b3c63\" data-element_type=\"widget\" data-widget_type=\"spacer.default\">\n\t\t\t\t<div class=\"elementor-widget-container\">\n\t\t\t\t\t<div class=\"elementor-spacer\">\n\t\t\t<div class=\"elementor-spacer-inner\"><\/div>\n\t\t<\/div>\n\t\t\t\t<\/div>\n\t\t\t\t<\/div>\n\t\t\t\t<section class=\"elementor-section elementor-inner-section elementor-element elementor-element-9acb3f3 elementor-section-boxed elementor-section-height-default elementor-section-height-default\" data-id=\"9acb3f3\" data-element_type=\"section\">\n\t\t\t\t\t\t<div class=\"elementor-container elementor-column-gap-default\">\n\t\t\t\t\t<div class=\"elementor-column elementor-col-100 elementor-inner-column elementor-element elementor-element-757b2ef2\" data-id=\"757b2ef2\" data-element_type=\"column\">\n\t\t\t<div class=\"elementor-widget-wrap\">\n\t\t\t\t\t\t\t<\/div>\n\t\t<\/div>\n\t\t\t\t\t<\/div>\n\t\t<\/section>\n\t\t\t\t<div class=\"elementor-element elementor-element-7e2b3af4 elementor-widget elementor-widget-spacer\" data-id=\"7e2b3af4\" data-element_type=\"widget\" data-widget_type=\"spacer.default\">\n\t\t\t\t<div class=\"elementor-widget-container\">\n\t\t\t\t\t<div class=\"elementor-spacer\">\n\t\t\t<div class=\"elementor-spacer-inner\"><\/div>\n\t\t<\/div>\n\t\t\t\t<\/div>\n\t\t\t\t<\/div>\n\t\t\t\t\t<\/div>\n\t\t<\/div>\n\t\t\t\t\t<\/div>\n\t\t<\/section>\n\t\t\t\t<section class=\"elementor-section elementor-top-section elementor-element elementor-element-5e6b5b53 elementor-section-content-middle elementor-section-stretched elementor-section-full_width elementor-hidden-desktop elementor-hidden-tablet elementor-hidden-mobile elementor-section-height-default elementor-section-height-default\" data-id=\"5e6b5b53\" data-element_type=\"section\" data-settings=\"{&quot;stretch_section&quot;:&quot;section-stretched&quot;,&quot;background_background&quot;:&quot;classic&quot;}\">\n\t\t\t\t\t\t\t<div class=\"elementor-background-overlay\"><\/div>\n\t\t\t\t\t\t\t<div class=\"elementor-container elementor-column-gap-wide\">\n\t\t\t\t\t<div class=\"elementor-column elementor-col-100 elementor-top-column elementor-element elementor-element-38701931\" data-id=\"38701931\" data-element_type=\"column\">\n\t\t\t<div class=\"elementor-widget-wrap elementor-element-populated\">\n\t\t\t\t\t\t<section class=\"elementor-section elementor-inner-section elementor-element elementor-element-71e5e023 elementor-section-boxed elementor-section-height-default elementor-section-height-default\" data-id=\"71e5e023\" data-element_type=\"section\">\n\t\t\t\t\t\t<div class=\"elementor-container elementor-column-gap-extended\">\n\t\t\t\t\t<div class=\"elementor-column elementor-col-100 elementor-inner-column elementor-element elementor-element-684b39d9\" data-id=\"684b39d9\" data-element_type=\"column\">\n\t\t\t<div class=\"elementor-widget-wrap\">\n\t\t\t\t\t\t\t<\/div>\n\t\t<\/div>\n\t\t\t\t\t<\/div>\n\t\t<\/section>\n\t\t\t\t\t<\/div>\n\t\t<\/div>\n\t\t\t\t\t<\/div>\n\t\t<\/section>\n\t\t\t\t<section class=\"elementor-section elementor-top-section elementor-element elementor-element-8b3d6e7 elementor-section-boxed elementor-section-height-default elementor-section-height-default\" data-id=\"8b3d6e7\" data-element_type=\"section\">\n\t\t\t\t\t\t<div class=\"elementor-container elementor-column-gap-default\">\n\t\t\t\t\t<div class=\"elementor-column elementor-col-100 elementor-top-column elementor-element elementor-element-8d69a69\" data-id=\"8d69a69\" data-element_type=\"column\">\n\t\t\t<div class=\"elementor-widget-wrap elementor-element-populated\">\n\t\t\t\t\t\t<div class=\"elementor-element elementor-element-5796960 elementor-widget-divider--view-line elementor-widget elementor-widget-divider\" data-id=\"5796960\" data-element_type=\"widget\" data-widget_type=\"divider.default\">\n\t\t\t\t<div class=\"elementor-widget-container\">\n\t\t\t\t\t<div class=\"elementor-divider\">\n\t\t\t<span class=\"elementor-divider-separator\">\n\t\t\t\t\t\t<\/span>\n\t\t<\/div>\n\t\t\t\t<\/div>\n\t\t\t\t<\/div>\n\t\t\t\t\t<\/div>\n\t\t<\/div>\n\t\t\t\t\t<\/div>\n\t\t<\/section>\n\t\t\t\t<\/div>\n\t\t","protected":false},"excerpt":{"rendered":"<p>&nbsp;Aste Private Professionali s.r.l., in sigla APP s.r.l., \u00e8 partner qualificato di privati, professionisti (Amministratori di Sostegno, Curatori di Eredit\u00e0 Giacenti, Esecutori Testamentari, &#8230;) ed enti che vogliono porre in vendita beni immobili con il nuovo e moderno strumento dell\u2019asta privata, anche in modalit\u00e0 telematica. Opera in sinergia con il Notaio, pubblico ufficiale che ha [&hellip;]<\/p>\n","protected":false},"author":1,"featured_media":0,"parent":0,"menu_order":0,"comment_status":"closed","ping_status":"closed","template":"elementor_header_footer","meta":{"footnotes":""},"class_list":["post-692","page","type-page","status-publish","hentry"],"_links":{"self":[{"href":"https:\/\/appauctionuat.projectsdemo.net\/topics\/wp-json\/wp\/v2\/pages\/692","targetHints":{"allow":["GET"]}}],"collection":[{"href":"https:\/\/appauctionuat.projectsdemo.net\/topics\/wp-json\/wp\/v2\/pages"}],"about":[{"href":"https:\/\/appauctionuat.projectsdemo.net\/topics\/wp-json\/wp\/v2\/types\/page"}],"author":[{"embeddable":true,"href":"https:\/\/appauctionuat.projectsdemo.net\/topics\/wp-json\/wp\/v2\/users\/1"}],"replies":[{"embeddable":true,"href":"https:\/\/appauctionuat.projectsdemo.net\/topics\/wp-json\/wp\/v2\/comments?post=692"}],"version-history":[{"count":54,"href":"https:\/\/appauctionuat.projectsdemo.net\/topics\/wp-json\/wp\/v2\/pages\/692\/revisions"}],"predecessor-version":[{"id":19770,"href":"https:\/\/appauctionuat.projectsdemo.net\/topics\/wp-json\/wp\/v2\/pages\/692\/revisions\/19770"}],"wp:attachment":[{"href":"https:\/\/appauctionuat.projectsdemo.net\/topics\/wp-json\/wp\/v2\/media?parent=692"}],"curies":[{"name":"wp","href":"https:\/\/api.w.org\/{rel}","templated":true}]}}